{"id":311,"date":"2020-03-30T15:15:26","date_gmt":"2020-03-30T13:15:26","guid":{"rendered":"https:\/\/imrgoodies.com\/?page_id=311"},"modified":"2020-10-27T14:18:52","modified_gmt":"2020-10-27T13:18:52","slug":"legal-notice","status":"publish","type":"page","link":"https:\/\/imrgoodies.com\/en\/legal-notice\/","title":{"rendered":"LEGAL NOTICE"},"content":{"rendered":"\n<p><br>Conform\u00e9ment aux dispositions des articles 6-III et 19 de la Loi n\u00b0 2004-575 du 21 juin 2004 pour la Confiance dans l\u2019\u00e9conomie num\u00e9rique, dite L.C.E.N., nous portons \u00e0 la connaissance des utilisateurs et visiteurs du site :\u00a0<a rel=\"noreferrer noopener\" aria-label=\" (opens in a new tab)\" href=\"https:\/\/imrgoodies.com\" target=\"_blank\"><a rel=\"noreferrer noopener\" href=\"https:\/\/imrgoodies.com\/\" target=\"_blank\">imrgoodies.com<\/a><\/a> les informations suivantes :<\/p>\n\n\n\n<p><strong>\u00c9DITEUR<\/strong><\/p>\n\n\n\n<p>Le site&nbsp; <a rel=\"noreferrer noopener\" href=\"https:\/\/imrgoodies.com\/\" target=\"_blank\">imrgoodies.com<\/a> est la propri\u00e9t\u00e9 exclusive de&nbsp;<strong>SAS&nbsp;ORGACOM<\/strong>, qui l\u2019\u00e9dite.<\/p>\n\n\n\n<p><strong>ORGACOM&nbsp;<\/strong><\/p>\n\n\n\n<ul class=\"wp-block-list\"><li><strong>SAS&nbsp;<\/strong>au capital de<strong>&nbsp;37000&nbsp;<\/strong>\u20acT\u00e9l&nbsp; :&nbsp;<strong>05 56 82 07 15<\/strong><\/li><li>1<strong>&nbsp;ZA DE CANTALAUDE&nbsp;33138 LANTON<\/strong><\/li><li>Immatricul\u00e9e au Registre du Commerce et des Soci\u00e9t\u00e9s de&nbsp;&nbsp;<strong>RCS&nbsp;<\/strong>sous le num\u00e9ro<strong>&nbsp;44299337400051<\/strong><\/li><li>Num\u00e9ro TVA intracommunautaire :&nbsp;<strong>FR37 442 993 374<\/strong><\/li><li>Adresse de courrier \u00e9lectronique :&nbsp;<strong>contact@orgacom.org<\/strong>&nbsp;&nbsp;<\/li><\/ul>\n\n\n\n<p>Directeur de la&nbsp; publication&nbsp;:&nbsp;<strong>Yann KIRASTINNICOS<\/strong><br>Contactez le responsable de la publication :&nbsp;<strong>support@imrg-emea.com<\/strong><\/p>\n\n\n\n<p><strong>H\u00c9BERGEMENT<\/strong><\/p>\n\n\n\n<p>Le site est h\u00e9berg\u00e9&nbsp;par&nbsp;<strong>OVH SAS 2 rue Kellermann 59100 ROUBAIX<\/strong><\/p>\n","protected":false},"excerpt":{"rendered":"<p>Conform\u00e9ment aux dispositions des articles 6-III et 19 de la Loi n\u00b0 2004-575 du 21 juin 2004 pour la Confiance dans l\u2019\u00e9conomie num\u00e9rique, dite L.C.E.N., nous portons \u00e0 la connaissance des utilisateurs et visiteurs du site :\u00a0imrgoodies.com les informations suivantes : \u00c9DITEUR Le site&nbsp; imrgoodies.com est la propri\u00e9t\u00e9 exclusive de&nbsp;SAS&nbsp;ORGACOM, qui l\u2019\u00e9dite. ORGACOM&nbsp; SAS&nbsp;au capital [&hellip;]<\/p>\n","protected":false},"author":1,"featured_media":0,"parent":0,"menu_order":0,"comment_status":"closed","ping_status":"closed","template":"","meta":{"footnotes":""},"class_list":["post-311","page","type-page","status-publish","hentry"],"_links":{"self":[{"href":"https:\/\/imrgoodies.com\/en\/wp-json\/wp\/v2\/pages\/311","targetHints":{"allow":["GET"]}}],"collection":[{"href":"https:\/\/imrgoodies.com\/en\/wp-json\/wp\/v2\/pages"}],"about":[{"href":"https:\/\/imrgoodies.com\/en\/wp-json\/wp\/v2\/types\/page"}],"author":[{"embeddable":true,"href":"https:\/\/imrgoodies.com\/en\/wp-json\/wp\/v2\/users\/1"}],"replies":[{"embeddable":true,"href":"https:\/\/imrgoodies.com\/en\/wp-json\/wp\/v2\/comments?post=311"}],"version-history":[{"count":3,"href":"https:\/\/imrgoodies.com\/en\/wp-json\/wp\/v2\/pages\/311\/revisions"}],"predecessor-version":[{"id":753,"href":"https:\/\/imrgoodies.com\/en\/wp-json\/wp\/v2\/pages\/311\/revisions\/753"}],"wp:attachment":[{"href":"https:\/\/imrgoodies.com\/en\/wp-json\/wp\/v2\/media?parent=311"}],"curies":[{"name":"wp","href":"https:\/\/api.w.org\/{rel}","templated":true}]}}